{"id":2208,"date":"2018-11-12T10:38:49","date_gmt":"2018-11-12T10:38:49","guid":{"rendered":"https:\/\/demo.ovatheme.com\/hozing\/?page_id=2208"},"modified":"2024-06-28T10:59:00","modified_gmt":"2024-06-28T07:59:00","slug":"our-offers","status":"publish","type":"page","link":"https:\/\/surpalacehotel.com\/?page_id=2208","title":{"rendered":"Oda Deneyimleri"},"content":{"rendered":"\t\t<div data-elementor-type=\"wp-post\" data-elementor-id=\"2208\" class=\"elementor elementor-2208\">\n\t\t\t\t\t\t<section class=\"elementor-section elementor-top-section elementor-element elementor-element-83bceed elementor-section-boxed elementor-section-height-default elementor-section-height-default\" data-id=\"83bceed\" data-element_type=\"section\">\n\t\t\t\t\t\t<div class=\"elementor-container elementor-column-gap-no\">\n\t\t\t\t\t<div class=\"elementor-column elementor-col-100 elementor-top-column elementor-element elementor-element-03f7ff9\" data-id=\"03f7ff9\" data-element_type=\"column\">\n\t\t\t<div class=\"elementor-widget-wrap elementor-element-populated\">\n\t\t\t\t\t\t<div class=\"elementor-element elementor-element-b30d156 elementor-widget elementor-widget-ova_heading\" data-id=\"b30d156\" data-element_type=\"widget\" data-widget_type=\"ova_heading.default\">\n\t\t\t\t<div class=\"elementor-widget-container\">\n\t\t\t\t\t\n\t\t<div class=\"ova_heading version_10 \">\n\t\t\t<div class=\"icon_top\"><i class=\"fa fa-home\"><\/i><\/div>\n\t\t\t<div class=\"sub_title second_font\"><\/div>\n\t\t\t<div class=\"title second_font\">\n\t\t\t\t<span class=\"line_left\"><\/span>\n\t\t\t\t<div class=\"text_title\">Odalar\u0131n \u015e\u0131kl\u0131\u011f\u0131<\/div>\n\t\t\t\t<span class=\"line_right\"><\/span>\n\t\t\t<\/div>\n\t\t\t<div class=\"line_bottom\"><\/div>\n\t\t\t<div class=\"description second_font\">Lorem Ipsum is simply dummy text of the printing<\/div>\n\t\t\t\t\t\t\t<img decoding=\"async\" class=\"images\" src=\"https:\/\/surpalacehotel.com\/wp-content\/plugins\/ova-framework\/\/assets\/img\/line_heading.png\" alt=\"\" \/>\n\t\t\t\t\t\t<div class=\"icon_bottom\"><i class=\"\"><\/i><\/div>\n\t\t<\/div>\n\n\t\t\t\t<\/div>\n\t\t\t\t<\/div>\n\t\t\t\t<div class=\"elementor-element elementor-element-e9a0c72 elementor-widget elementor-widget-ova_offers_5\" data-id=\"e9a0c72\" data-element_type=\"widget\" data-widget_type=\"ova_offers_5.default\">\n\t\t\t\t<div class=\"elementor-widget-container\">\n\t\t\t\t\t<div class=\"offers_5 \">\n\t\t\t<img decoding=\"async\" src=\"https:\/\/surpalacehotel.com\/wp-content\/uploads\/2024\/06\/3-2-scaled.jpg\" alt=\"\">\n\t\t\t<div class=\"overlay_content\"><\/div>\n\t\t\t<div class=\"content\">\n\t\t\t\t<div class=\"price\">\n\t\t\t\t\t<span class=\"number_price second_font\">Muhte\u015fem Konfor: Sur Palace Otelinin Odalar\u0131<\/span>\n\t\t\t\t\t<span class=\"slash\"><\/span>\n\t\t\t\t\t<span class=\"text_price\">Night<\/span>\n\t\t\t\t<\/div>\n\t\t\t\t<div class=\"title second_font\"><\/div>\n\t\t\t\t<div class=\"description\">Sur Palace Otelindeki odalar, l\u00fcks ve rahatl\u0131k arayan misafirler i\u00e7in m\u00fckemmel bir se\u00e7enek sunuyor, her detayda konfor ve zarafet sunuyorlar.<\/div>\n\t\t\t\t<div class=\"button\">\n\t\t\t\t\t<a class=\"text_button elementor-animation-\" href=\"\"  target=&quot;_blank&quot; >Daha Fazla<\/a>\n\t\t\t\t<\/div>\n\t\t\t<\/div>\n\t\t\t<div class=\"discount second_font\"><\/div>\n\t\t<\/div>\n\t\t\t\t<\/div>\n\t\t\t\t<\/div>\n\t\t\t\t\t<\/div>\n\t\t<\/div>\n\t\t\t\t\t<\/div>\n\t\t<\/section>\n\t\t\t\t<section class=\"elementor-section elementor-top-section elementor-element elementor-element-49ca9de elementor-section-boxed elementor-section-height-default elementor-section-height-default\" data-id=\"49ca9de\" data-element_type=\"section\">\n\t\t\t\t\t\t<div class=\"elementor-container elementor-column-gap-no\">\n\t\t\t\t\t<div class=\"elementor-column elementor-col-100 elementor-top-column elementor-element elementor-element-f64f285\" data-id=\"f64f285\" data-element_type=\"column\">\n\t\t\t<div class=\"elementor-widget-wrap elementor-element-populated\">\n\t\t\t\t\t\t<div class=\"elementor-element elementor-element-c3cd9c1 elementor-widget elementor-widget-ova_heading\" data-id=\"c3cd9c1\" data-element_type=\"widget\" data-widget_type=\"ova_heading.default\">\n\t\t\t\t<div class=\"elementor-widget-container\">\n\t\t\t\t\t\n\t\t<div class=\"ova_heading version_10 \">\n\t\t\t<div class=\"icon_top\"><i class=\"fa fa-home\"><\/i><\/div>\n\t\t\t<div class=\"sub_title second_font\"><\/div>\n\t\t\t<div class=\"title second_font\">\n\t\t\t\t<span class=\"line_left\"><\/span>\n\t\t\t\t<div class=\"text_title\">odalar\u0131n zarafeti<\/div>\n\t\t\t\t<span class=\"line_right\"><\/span>\n\t\t\t<\/div>\n\t\t\t<div class=\"line_bottom\"><\/div>\n\t\t\t<div class=\"description second_font\">Lorem Ipsum is simply dummy text of the printing<\/div>\n\t\t\t\t\t\t\t<img decoding=\"async\" class=\"images\" src=\"https:\/\/surpalacehotel.com\/wp-content\/plugins\/ova-framework\/\/assets\/img\/line_heading.png\" alt=\"\" \/>\n\t\t\t\t\t\t<div class=\"icon_bottom\"><i class=\"\"><\/i><\/div>\n\t\t<\/div>\n\n\t\t\t\t<\/div>\n\t\t\t\t<\/div>\n\t\t\t\t<div class=\"elementor-element elementor-element-fe4d63b elementor-widget elementor-widget-ova_offers_5\" data-id=\"fe4d63b\" data-element_type=\"widget\" data-widget_type=\"ova_offers_5.default\">\n\t\t\t\t<div class=\"elementor-widget-container\">\n\t\t\t\t\t<div class=\"offers_5 right\">\n\t\t\t<img decoding=\"async\" src=\"https:\/\/surpalacehotel.com\/wp-content\/uploads\/2024\/06\/2-1-1-scaled.jpg\" alt=\"\">\n\t\t\t<div class=\"overlay_content\"><\/div>\n\t\t\t<div class=\"content\">\n\t\t\t\t<div class=\"price\">\n\t\t\t\t\t<span class=\"number_price second_font\">Zarafetin \u0130ncisi: Sur Palace Otelinin Zarif Odalar\u0131<\/span>\n\t\t\t\t\t<span class=\"slash\"><\/span>\n\t\t\t\t\t<span class=\"text_price\">Night<\/span>\n\t\t\t\t<\/div>\n\t\t\t\t<div class=\"title second_font\"><\/div>\n\t\t\t\t<div class=\"description\">Sur Palace Otelindeki zarif odalar, estetik tasar\u0131mlar\u0131 ve incelikli detaylar\u0131yla konuklar\u0131na \u015f\u0131kl\u0131k ve konforu ayn\u0131 anda sunuyor. Her bir oda, zarafet ve rahatl\u0131k arayan misafirler i\u00e7in ideal bir se\u00e7enek olu\u015fturuyor, unutulmaz bir konaklama deneyimi vadediyor.<\/div>\n\t\t\t\t<div class=\"button\">\n\t\t\t\t\t<a class=\"text_button elementor-animation-\" href=\"\"  target=&quot;_blank&quot; >Daha Fazla<\/a>\n\t\t\t\t<\/div>\n\t\t\t<\/div>\n\t\t\t<div class=\"discount second_font\"><\/div>\n\t\t<\/div>\n\t\t\t\t<\/div>\n\t\t\t\t<\/div>\n\t\t\t\t\t<\/div>\n\t\t<\/div>\n\t\t\t\t\t<\/div>\n\t\t<\/section>\n\t\t\t\t<section class=\"elementor-section elementor-top-section elementor-element elementor-element-263b2c6 elementor-section-boxed elementor-section-height-default elementor-section-height-default\" data-id=\"263b2c6\" data-element_type=\"section\">\n\t\t\t\t\t\t<div class=\"elementor-container elementor-column-gap-no\">\n\t\t\t\t\t<div class=\"elementor-column elementor-col-100 elementor-top-column elementor-element elementor-element-c801d29\" data-id=\"c801d29\" data-element_type=\"column\">\n\t\t\t<div class=\"elementor-widget-wrap elementor-element-populated\">\n\t\t\t\t\t\t<div class=\"elementor-element elementor-element-bcf1bce elementor-widget elementor-widget-ova_heading\" data-id=\"bcf1bce\" data-element_type=\"widget\" data-widget_type=\"ova_heading.default\">\n\t\t\t\t<div class=\"elementor-widget-container\">\n\t\t\t\t\t\n\t\t<div class=\"ova_heading version_10 \">\n\t\t\t<div class=\"icon_top\"><i class=\"fa fa-home\"><\/i><\/div>\n\t\t\t<div class=\"sub_title second_font\"><\/div>\n\t\t\t<div class=\"title second_font\">\n\t\t\t\t<span class=\"line_left\"><\/span>\n\t\t\t\t<div class=\"text_title\">L\u00fcks Odalar<\/div>\n\t\t\t\t<span class=\"line_right\"><\/span>\n\t\t\t<\/div>\n\t\t\t<div class=\"line_bottom\"><\/div>\n\t\t\t<div class=\"description second_font\">Lorem Ipsum is simply dummy text of the printing<\/div>\n\t\t\t\t\t\t\t<img decoding=\"async\" class=\"images\" src=\"https:\/\/surpalacehotel.com\/wp-content\/plugins\/ova-framework\/\/assets\/img\/line_heading.png\" alt=\"\" \/>\n\t\t\t\t\t\t<div class=\"icon_bottom\"><i class=\"\"><\/i><\/div>\n\t\t<\/div>\n\n\t\t\t\t<\/div>\n\t\t\t\t<\/div>\n\t\t\t\t<div class=\"elementor-element elementor-element-a230058 elementor-widget elementor-widget-ova_offers_5\" data-id=\"a230058\" data-element_type=\"widget\" data-widget_type=\"ova_offers_5.default\">\n\t\t\t\t<div class=\"elementor-widget-container\">\n\t\t\t\t\t<div class=\"offers_5 \">\n\t\t\t<img decoding=\"async\" src=\"https:\/\/surpalacehotel.com\/wp-content\/uploads\/2024\/06\/17-scaled.jpg\" alt=\"\">\n\t\t\t<div class=\"overlay_content\"><\/div>\n\t\t\t<div class=\"content\">\n\t\t\t\t<div class=\"price\">\n\t\t\t\t\t<span class=\"number_price second_font\">E\u015fsiz Deneyim: Sur Palace Otelinin L\u00fcks Odalar\u0131<\/span>\n\t\t\t\t\t<span class=\"slash\"><\/span>\n\t\t\t\t\t<span class=\"text_price\">Night<\/span>\n\t\t\t\t<\/div>\n\t\t\t\t<div class=\"title second_font\"><\/div>\n\t\t\t\t<div class=\"description\">Sur Palace Otelinin l\u00fcks odalar\u0131, benzersiz tasar\u0131mlar\u0131 ve modern olanaklar\u0131yla konuklar\u0131na unutulmaz bir konaklama deneyimi sunuyor. Her detayda \u00f6zenle d\u00fc\u015f\u00fcn\u00fclm\u00fc\u015f, konfor ve \u015f\u0131kl\u0131\u011f\u0131 bir arada bulabilece\u011finiz bir ortam sa\u011fl\u0131yor.<\/div>\n\t\t\t\t<div class=\"button\">\n\t\t\t\t\t<a class=\"text_button elementor-animation-\" href=\"\"  target=&quot;_blank&quot; >Daha Fazla<\/a>\n\t\t\t\t<\/div>\n\t\t\t<\/div>\n\t\t\t<div class=\"discount second_font\"><\/div>\n\t\t<\/div>\n\t\t\t\t<\/div>\n\t\t\t\t<\/div>\n\t\t\t\t\t<\/div>\n\t\t<\/div>\n\t\t\t\t\t<\/div>\n\t\t<\/section>\n\t\t\t\t<\/div>\n\t\t","protected":false},"excerpt":{"rendered":"<p>Odalar\u0131n \u015e\u0131kl\u0131\u011f\u0131 Lorem Ipsum is simply dummy text of the printing Muhte\u015fem Konfor: Sur Palace Otelinin Odalar\u0131 Night Sur Palace Otelindeki odalar, l\u00fcks ve rahatl\u0131k arayan misafirler i\u00e7in m\u00fckemmel bir se\u00e7enek sunuyor, her detayda konfor ve zarafet sunuyorlar. Daha Fazla odalar\u0131n zarafeti Lorem Ipsum is simply dummy text of the printing Zarafetin \u0130ncisi: Sur Palace [&hellip;]<\/p>\n","protected":false},"author":1,"featured_media":0,"parent":0,"menu_order":0,"comment_status":"closed","ping_status":"closed","template":"elementor_header_footer","meta":{"footnotes":""},"class_list":["post-2208","page","type-page","status-publish","hentry"],"jetpack_sharing_enabled":true,"_links":{"self":[{"href":"https:\/\/surpalacehotel.com\/index.php?rest_route=\/wp\/v2\/pages\/2208","targetHints":{"allow":["GET"]}}],"collection":[{"href":"https:\/\/surpalacehotel.com\/index.php?rest_route=\/wp\/v2\/pages"}],"about":[{"href":"https:\/\/surpalacehotel.com\/index.php?rest_route=\/wp\/v2\/types\/page"}],"author":[{"embeddable":true,"href":"https:\/\/surpalacehotel.com\/index.php?rest_route=\/wp\/v2\/users\/1"}],"replies":[{"embeddable":true,"href":"https:\/\/surpalacehotel.com\/index.php?rest_route=%2Fwp%2Fv2%2Fcomments&post=2208"}],"version-history":[{"count":5,"href":"https:\/\/surpalacehotel.com\/index.php?rest_route=\/wp\/v2\/pages\/2208\/revisions"}],"predecessor-version":[{"id":6880,"href":"https:\/\/surpalacehotel.com\/index.php?rest_route=\/wp\/v2\/pages\/2208\/revisions\/6880"}],"wp:attachment":[{"href":"https:\/\/surpalacehotel.com\/index.php?rest_route=%2Fwp%2Fv2%2Fmedia&parent=2208"}],"curies":[{"name":"wp","href":"https:\/\/api.w.org\/{rel}","templated":true}]}}