{"id":3194,"date":"2018-12-03T07:53:11","date_gmt":"2018-12-03T07:53:11","guid":{"rendered":"https:\/\/demo.ovatheme.com\/hozing\/?page_id=3194"},"modified":"2024-06-28T10:59:54","modified_gmt":"2024-06-28T07:59:54","slug":"about-us","status":"publish","type":"page","link":"https:\/\/surpalacehotel.com\/?page_id=3194","title":{"rendered":"Hakk\u0131m\u0131zda"},"content":{"rendered":"\t\t<div data-elementor-type=\"wp-post\" data-elementor-id=\"3194\" class=\"elementor elementor-3194\">\n\t\t\t\t\t\t<section class=\"elementor-section elementor-top-section elementor-element elementor-element-77ab81e elementor-section-boxed elementor-section-height-default elementor-section-height-default\" data-id=\"77ab81e\" data-element_type=\"section\" data-settings=\"{&quot;background_background&quot;:&quot;classic&quot;}\">\n\t\t\t\t\t\t\t<div class=\"elementor-background-overlay\"><\/div>\n\t\t\t\t\t\t\t<div class=\"elementor-container elementor-column-gap-default\">\n\t\t\t\t\t<div class=\"elementor-column elementor-col-100 elementor-top-column elementor-element elementor-element-e001978\" data-id=\"e001978\" data-element_type=\"column\">\n\t\t\t<div class=\"elementor-widget-wrap elementor-element-populated\">\n\t\t\t\t\t\t<div class=\"elementor-element elementor-element-90aed16 elementor-widget elementor-widget-heading\" data-id=\"90aed16\" data-element_type=\"widget\" data-widget_type=\"heading.default\">\n\t\t\t\t<div class=\"elementor-widget-container\">\n\t\t\t<style>\/*! elementor - v3.22.0 - 24-06-2024 *\/\n.elementor-heading-title{padding:0;margin:0;line-height:1}.elementor-widget-heading .elementor-heading-title[class*=elementor-size-]>a{color:inherit;font-size:inherit;line-height:inherit}.elementor-widget-heading .elementor-heading-title.elementor-size-small{font-size:15px}.elementor-widget-heading .elementor-heading-title.elementor-size-medium{font-size:19px}.elementor-widget-heading .elementor-heading-title.elementor-size-large{font-size:29px}.elementor-widget-heading .elementor-heading-title.elementor-size-xl{font-size:39px}.elementor-widget-heading .elementor-heading-title.elementor-size-xxl{font-size:59px}<\/style><h2 class=\"elementor-heading-title elementor-size-default\">Sur Palace Hotel'in Hikayesi<\/h2>\t\t<\/div>\n\t\t\t\t<\/div>\n\t\t\t\t\t<\/div>\n\t\t<\/div>\n\t\t\t\t\t<\/div>\n\t\t<\/section>\n\t\t\t\t<section class=\"elementor-section elementor-top-section elementor-element elementor-element-db89718 elementor-section-boxed elementor-section-height-default elementor-section-height-default\" data-id=\"db89718\" data-element_type=\"section\">\n\t\t\t\t\t\t<div class=\"elementor-container elementor-column-gap-default\">\n\t\t\t\t\t<div class=\"elementor-column elementor-col-100 elementor-top-column elementor-element elementor-element-1b6ab19\" data-id=\"1b6ab19\" data-element_type=\"column\">\n\t\t\t<div class=\"elementor-widget-wrap elementor-element-populated\">\n\t\t\t\t\t\t<div class=\"elementor-element elementor-element-6fc6ca3 elementor-widget elementor-widget-ova_about_column\" data-id=\"6fc6ca3\" data-element_type=\"widget\" data-widget_type=\"ova_about_column.default\">\n\t\t\t\t<div class=\"elementor-widget-container\">\n\t\t\t\t\t<div class=\"ova-about-column\">\n\t\t\t<div class=\"wp-about-column about_version_4\" style=\"\">\n\t\t\t\t\t\t\t\t\t\t\t\t\t\t\t\t\t<div class=\"image\">\n\t\t\t\t\t\t<a href=\"\" >\n\t\t\t\t\t\t\t<img decoding=\"async\" src=\"https:\/\/surpalacehotel.com\/wp-content\/uploads\/2024\/06\/7-2-scaled.jpg\" alt=\"\">\n\t\t\t\t\t\t<\/a>\n\t\t\t\t\t<\/div>\n\t\t\t\t\t\t\t\t<div class=\"content \">\n\t\t\t\t\t\t\t\t\t\t\t<h3 class=\"title second_font\"><a href=\"\" >Ho\u015f Geldiniz Sur Palace Hotel'e<\/a><\/h3>\n\t\t\t\t\t\t\t\t\t\t\t\t\t\t\t\t<p class=\"desc\">Sur Palace Hotel, \u015fehrin kalbinde l\u00fcks ve konforu bir araya getiren \u00f6zel bir konaklama deneyimi sunar. Misafirlerine unutulmaz anlar ya\u015fatmak amac\u0131yla her detay\u0131n \u00f6zenle planland\u0131\u011f\u0131 otelimiz, zarif tasar\u0131m\u0131 ve modern olanaklar\u0131yla \u00f6ne \u00e7\u0131kar.\n\nHer odas\u0131, rahat\u0131n\u0131z ve konforunuz d\u00fc\u015f\u00fcn\u00fclerek \u00f6zenle dizayn edilmi\u015ftir. Geni\u015f ve ferah mekanlar\u0131m\u0131zda, \u015fehir manzaral\u0131 odalar\u0131m\u0131zda g\u00fczel bir manzara e\u015fli\u011finde dinlenme imkan\u0131 bulabilirsiniz. Ayr\u0131ca otelimizin sundu\u011fu spa ve wellness merkezinde kendinizi \u015f\u0131martabilir, stresinizi atabilirsiniz.\n\nSur Palace Hotel, ayn\u0131 zamanda lezzetli yemekleriyle de \u00fcnl\u00fcd\u00fcr. \u015e\u0131k restoranlar\u0131m\u0131zda hem uluslararas\u0131 mutfaklar\u0131n en se\u00e7kin \u00f6rneklerini hem de y\u00f6resel lezzetleri tadabilirsiniz. Misafirlerimizin memnuniyeti ve konforu her zaman \u00f6nceli\u011fimizdir.\n\n\u0130ster i\u015f seyahati i\u00e7in ister tatil ama\u00e7l\u0131 olsun, Sur Palace Hotel sizlere evinizin s\u0131cakl\u0131\u011f\u0131n\u0131 hissettirecek, unutulmaz bir konaklama deneyimi sunmay\u0131 taahh\u00fct eder.\n\nBizleri tercih etti\u011finiz i\u00e7in te\u015fekk\u00fcr eder, sizleri Sur Palace Hotel'de a\u011f\u0131rlamaktan b\u00fcy\u00fck mutluluk duyar\u0131z.<\/p>\n\t\t\t\t\t\t\t\t\t<\/div>\n\t\t\t<\/div>\n\t\t<\/div>\n \t\t\n\t\t\t<\/div>\n\t\t\t\t<\/div>\n\t\t\t\t\t<\/div>\n\t\t<\/div>\n\t\t\t\t\t<\/div>\n\t\t<\/section>\n\t\t\t\t<section class=\"elementor-section elementor-top-section elementor-element elementor-element-de78e56 elementor-section-boxed elementor-section-height-default elementor-section-height-default\" data-id=\"de78e56\" data-element_type=\"section\" data-settings=\"{&quot;background_background&quot;:&quot;video&quot;}\">\n\t\t\t\t\t\t\t<div class=\"elementor-background-overlay\"><\/div>\n\t\t\t\t\t\t\t<div class=\"elementor-container elementor-column-gap-default\">\n\t\t\t\t\t<div class=\"elementor-column elementor-col-25 elementor-top-column elementor-element elementor-element-b9c09d0\" data-id=\"b9c09d0\" data-element_type=\"column\">\n\t\t\t<div class=\"elementor-widget-wrap elementor-element-populated\">\n\t\t\t\t\t\t<div class=\"elementor-element elementor-element-4e3d8c0 text-heading-hozing { elementor-widget elementor-widget-heading\" data-id=\"4e3d8c0\" data-element_type=\"widget\" data-widget_type=\"heading.default\">\n\t\t\t\t<div class=\"elementor-widget-container\">\n\t\t\t<h2 class=\"elementor-heading-title elementor-size-default\">Do\u011fru zamanda do\u011fru \u015feyi yapmak.<\/h2>\t\t<\/div>\n\t\t\t\t<\/div>\n\t\t\t\t\t<\/div>\n\t\t<\/div>\n\t\t\t\t<div class=\"elementor-column elementor-col-25 elementor-top-column elementor-element elementor-element-db768a6\" data-id=\"db768a6\" data-element_type=\"column\">\n\t\t\t<div class=\"elementor-widget-wrap elementor-element-populated\">\n\t\t\t\t\t\t<div class=\"elementor-element elementor-element-703bfa8 counter-number-hozing elementor-widget elementor-widget-counter\" data-id=\"703bfa8\" data-element_type=\"widget\" data-widget_type=\"counter.default\">\n\t\t\t\t<div class=\"elementor-widget-container\">\n\t\t\t<style>\/*! elementor - v3.22.0 - 24-06-2024 *\/\n.elementor-counter{display:flex;justify-content:center;align-items:stretch;flex-direction:column-reverse}.elementor-counter .elementor-counter-number{flex-grow:var(--counter-number-grow,0)}.elementor-counter .elementor-counter-number-wrapper{flex:1;display:flex;font-size:69px;font-weight:600;line-height:1;text-align:center}.elementor-counter .elementor-counter-number-prefix{text-align:end;flex-grow:var(--counter-prefix-grow,1);white-space:pre-wrap}.elementor-counter .elementor-counter-number-suffix{text-align:start;flex-grow:var(--counter-suffix-grow,1);white-space:pre-wrap}.elementor-counter .elementor-counter-title{flex:1;display:flex;justify-content:center;align-items:center;margin:0;padding:0;font-size:19px;font-weight:400;line-height:2.5}<\/style>\t\t<div class=\"elementor-counter\">\n\t\t\t<div class=\"elementor-counter-title\">\"Otel Anahtarlar\u0131<\/div>\t\t\t<div class=\"elementor-counter-number-wrapper\">\n\t\t\t\t<span class=\"elementor-counter-number-prefix\"><\/span>\n\t\t\t\t<span class=\"elementor-counter-number\" data-duration=\"2000\" data-to-value=\"15703\" data-from-value=\"0\" data-delimiter=\",\">0<\/span>\n\t\t\t\t<span class=\"elementor-counter-number-suffix\"><\/span>\n\t\t\t<\/div>\n\t\t<\/div>\n\t\t\t\t<\/div>\n\t\t\t\t<\/div>\n\t\t\t\t\t<\/div>\n\t\t<\/div>\n\t\t\t\t<div class=\"elementor-column elementor-col-25 elementor-top-column elementor-element elementor-element-935ebae\" data-id=\"935ebae\" data-element_type=\"column\">\n\t\t\t<div class=\"elementor-widget-wrap elementor-element-populated\">\n\t\t\t\t\t\t<div class=\"elementor-element elementor-element-1e9703d counter-number-hozing elementor-widget elementor-widget-counter\" data-id=\"1e9703d\" data-element_type=\"widget\" data-widget_type=\"counter.default\">\n\t\t\t\t<div class=\"elementor-widget-container\">\n\t\t\t\t\t<div class=\"elementor-counter\">\n\t\t\t<div class=\"elementor-counter-title\">Toplam Ki\u015fi Say\u0131s\u0131<\/div>\t\t\t<div class=\"elementor-counter-number-wrapper\">\n\t\t\t\t<span class=\"elementor-counter-number-prefix\"><\/span>\n\t\t\t\t<span class=\"elementor-counter-number\" data-duration=\"2000\" data-to-value=\"21524\" data-from-value=\"0\" data-delimiter=\",\">0<\/span>\n\t\t\t\t<span class=\"elementor-counter-number-suffix\"><\/span>\n\t\t\t<\/div>\n\t\t<\/div>\n\t\t\t\t<\/div>\n\t\t\t\t<\/div>\n\t\t\t\t\t<\/div>\n\t\t<\/div>\n\t\t\t\t<div class=\"elementor-column elementor-col-25 elementor-top-column elementor-element elementor-element-5dcf274\" data-id=\"5dcf274\" data-element_type=\"column\">\n\t\t\t<div class=\"elementor-widget-wrap elementor-element-populated\">\n\t\t\t\t\t\t<div class=\"elementor-element elementor-element-4988bc2 counter-number-hozing elementor-widget elementor-widget-counter\" data-id=\"4988bc2\" data-element_type=\"widget\" data-widget_type=\"counter.default\">\n\t\t\t\t<div class=\"elementor-widget-container\">\n\t\t\t\t\t<div class=\"elementor-counter\">\n\t\t\t<div class=\"elementor-counter-title\">Ziyaret\u00e7i<\/div>\t\t\t<div class=\"elementor-counter-number-wrapper\">\n\t\t\t\t<span class=\"elementor-counter-number-prefix\"><\/span>\n\t\t\t\t<span class=\"elementor-counter-number\" data-duration=\"2000\" data-to-value=\"52621\" data-from-value=\"0\" data-delimiter=\",\">0<\/span>\n\t\t\t\t<span class=\"elementor-counter-number-suffix\"><\/span>\n\t\t\t<\/div>\n\t\t<\/div>\n\t\t\t\t<\/div>\n\t\t\t\t<\/div>\n\t\t\t\t\t<\/div>\n\t\t<\/div>\n\t\t\t\t\t<\/div>\n\t\t<\/section>\n\t\t\t\t<section class=\"elementor-section elementor-top-section elementor-element elementor-element-79be41c elementor-section-boxed elementor-section-height-default elementor-section-height-default\" data-id=\"79be41c\" data-element_type=\"section\">\n\t\t\t\t\t\t<div class=\"elementor-container elementor-column-gap-default\">\n\t\t\t\t\t<div class=\"elementor-column elementor-col-100 elementor-top-column elementor-element elementor-element-2b84070\" data-id=\"2b84070\" data-element_type=\"column\">\n\t\t\t<div class=\"elementor-widget-wrap elementor-element-populated\">\n\t\t\t\t\t\t<div class=\"elementor-element elementor-element-5a1dd7d elementor-widget elementor-widget-ova_heading\" data-id=\"5a1dd7d\" data-element_type=\"widget\" data-widget_type=\"ova_heading.default\">\n\t\t\t\t<div class=\"elementor-widget-container\">\n\t\t\t\t\t\n\t\t<div class=\"ova_heading version_4 \">\n\t\t\t<div class=\"icon_top\"><i class=\"fa fa-arrows\"><\/i><\/div>\n\t\t\t<div class=\"sub_title second_font\"><\/div>\n\t\t\t<div class=\"title second_font\">\n\t\t\t\t<span class=\"line_left\"><\/span>\n\t\t\t\t<div class=\"text_title\">Videomuz<\/div>\n\t\t\t\t<span class=\"line_right\"><\/span>\n\t\t\t<\/div>\n\t\t\t<div class=\"line_bottom\"><\/div>\n\t\t\t<div class=\"description second_font\"><\/div>\n\t\t\t\t\t\t<div class=\"icon_bottom\"><i class=\"\"><\/i><\/div>\n\t\t<\/div>\n\n\t\t\t\t<\/div>\n\t\t\t\t<\/div>\n\t\t\t\t\t<\/div>\n\t\t<\/div>\n\t\t\t\t\t<\/div>\n\t\t<\/section>\n\t\t\t\t<section class=\"elementor-section elementor-top-section elementor-element elementor-element-5771ebe elementor-section-boxed elementor-section-height-default elementor-section-height-default\" data-id=\"5771ebe\" data-element_type=\"section\">\n\t\t\t\t\t\t<div class=\"elementor-container elementor-column-gap-default\">\n\t\t\t\t\t<div class=\"elementor-column elementor-col-100 elementor-top-column elementor-element elementor-element-fa110d5\" data-id=\"fa110d5\" data-element_type=\"column\" data-settings=\"{&quot;background_background&quot;:&quot;slideshow&quot;,&quot;background_slideshow_gallery&quot;:[],&quot;background_slideshow_loop&quot;:&quot;yes&quot;,&quot;background_slideshow_slide_duration&quot;:5000,&quot;background_slideshow_slide_transition&quot;:&quot;fade&quot;,&quot;background_slideshow_transition_duration&quot;:500}\">\n\t\t\t<div class=\"elementor-widget-wrap elementor-element-populated\">\n\t\t\t\t\t\t<div class=\"elementor-element elementor-element-40bdaad elementor-widget elementor-widget-video\" data-id=\"40bdaad\" data-element_type=\"widget\" data-settings=\"{&quot;youtube_url&quot;:&quot;https:\\\/\\\/www.youtube.com\\\/watch?v=GnYoRrZ-Rs0&amp;t=17s&quot;,&quot;show_image_overlay&quot;:&quot;yes&quot;,&quot;image_overlay&quot;:{&quot;url&quot;:&quot;https:\\\/\\\/demo.ovatheme.com\\\/hozing\\\/wp-content\\\/uploads\\\/2018\\\/11\\\/1_bg_offer.jpg&quot;,&quot;id&quot;:2547,&quot;size&quot;:&quot;&quot;},&quot;video_type&quot;:&quot;youtube&quot;,&quot;controls&quot;:&quot;yes&quot;}\" data-widget_type=\"video.default\">\n\t\t\t\t<div class=\"elementor-widget-container\">\n\t\t\t<style>\/*! elementor - v3.22.0 - 24-06-2024 *\/\n.elementor-widget-video .elementor-widget-container{overflow:hidden;transform:translateZ(0)}.elementor-widget-video .elementor-wrapper{aspect-ratio:var(--video-aspect-ratio)}.elementor-widget-video .elementor-wrapper iframe,.elementor-widget-video .elementor-wrapper video{height:100%;width:100%;display:flex;border:none;background-color:#000}@supports not (aspect-ratio:1\/1){.elementor-widget-video .elementor-wrapper{position:relative;overflow:hidden;height:0;padding-bottom:calc(100% \/ var(--video-aspect-ratio))}.elementor-widget-video .elementor-wrapper iframe,.elementor-widget-video .elementor-wrapper video{position:absolute;top:0;right:0;bottom:0;left:0}}.elementor-widget-video .elementor-open-inline .elementor-custom-embed-image-overlay{position:absolute;top:0;right:0;bottom:0;left:0;background-size:cover;background-position:50%}.elementor-widget-video .elementor-custom-embed-image-overlay{cursor:pointer;text-align:center}.elementor-widget-video .elementor-custom-embed-image-overlay:hover .elementor-custom-embed-play i{opacity:1}.elementor-widget-video .elementor-custom-embed-image-overlay img{display:block;width:100%;aspect-ratio:var(--video-aspect-ratio);-o-object-fit:cover;object-fit:cover;-o-object-position:center center;object-position:center center}@supports not (aspect-ratio:1\/1){.elementor-widget-video .elementor-custom-embed-image-overlay{position:relative;overflow:hidden;height:0;padding-bottom:calc(100% \/ var(--video-aspect-ratio))}.elementor-widget-video .elementor-custom-embed-image-overlay img{position:absolute;top:0;right:0;bottom:0;left:0}}.elementor-widget-video .e-hosted-video .elementor-video{-o-object-fit:cover;object-fit:cover}.e-con-inner>.elementor-widget-video,.e-con>.elementor-widget-video{width:var(--container-widget-width);--flex-grow:var(--container-widget-flex-grow)}<\/style>\t\t<div class=\"elementor-wrapper elementor-open-inline\">\n\t\t\t<div class=\"elementor-video\"><\/div>\t\t\t\t<div class=\"elementor-custom-embed-image-overlay\" style=\"background-image: url(https:\/\/surpalacehotel.com\/wp-content\/uploads\/2018\/11\/1_bg_offer-1.jpg);\">\n\t\t\t\t\t\t\t\t\t\t\t\t\t\t\t\t<div class=\"elementor-custom-embed-play\" role=\"button\" aria-label=\"Videoyu Oynat\" tabindex=\"0\">\n\t\t\t\t\t\t\t<svg aria-hidden=\"true\" class=\"e-font-icon-svg e-eicon-play\" viewBox=\"0 0 1000 1000\" xmlns=\"http:\/\/www.w3.org\/2000\/svg\"><path d=\"M838 162C746 71 633 25 500 25 371 25 258 71 163 162 71 254 25 367 25 500 25 633 71 746 163 837 254 929 367 979 500 979 633 979 746 933 838 837 929 746 975 633 975 500 975 367 929 254 838 162M808 192C892 279 933 379 933 500 933 621 892 725 808 808 725 892 621 938 500 938 379 938 279 896 196 808 113 725 67 621 67 500 67 379 108 279 196 192 279 108 383 62 500 62 621 62 721 108 808 192M438 392V642L642 517 438 392Z\"><\/path><\/svg>\t\t\t\t\t\t\t<span class=\"elementor-screen-only\">Videoyu Oynat<\/span>\n\t\t\t\t\t\t<\/div>\n\t\t\t\t\t\t\t\t\t<\/div>\n\t\t\t\t\t<\/div>\n\t\t\t\t<\/div>\n\t\t\t\t<\/div>\n\t\t\t\t<div class=\"elementor-element elementor-element-16f33d4 text-editor-hozing elementor-widget elementor-widget-text-editor\" data-id=\"16f33d4\" data-element_type=\"widget\" data-widget_type=\"text-editor.default\">\n\t\t\t\t<div class=\"elementor-widget-container\">\n\t\t\t<style>\/*! elementor - v3.22.0 - 24-06-2024 *\/\n.elementor-widget-text-editor.elementor-drop-cap-view-stacked .elementor-drop-cap{background-color:#69727d;color:#fff}.elementor-widget-text-editor.elementor-drop-cap-view-framed .elementor-drop-cap{color:#69727d;border:3px solid;background-color:transparent}.elementor-widget-text-editor:not(.elementor-drop-cap-view-default) .elementor-drop-cap{margin-top:8px}.elementor-widget-text-editor:not(.elementor-drop-cap-view-default) .elementor-drop-cap-letter{width:1em;height:1em}.elementor-widget-text-editor .elementor-drop-cap{float:left;text-align:center;line-height:1;font-size:50px}.elementor-widget-text-editor .elementor-drop-cap-letter{display:inline-block}<\/style>\t\t\t\t<p>Sur Palace Hotel&#8217;in videosu, \u015f\u0131k ve modern tasar\u0131m\u0131yla g\u00f6z kama\u015ft\u0131r\u0131yor. Otelin sundu\u011fu l\u00fcks konaklama imkanlar\u0131 ve \u015fehir manzaral\u0131 odalar\u0131, konuklara unutulmaz bir deneyim vadeder. Her detay\u0131yla \u00f6zenle d\u00fczenlenmi\u015f olan Sur Palace Hotel, misafirlerine hem i\u015f seyahatleri hem de tatilleri i\u00e7in m\u00fckemmel bir mekan sunuyor.<\/p>\t\t\t\t\t\t<\/div>\n\t\t\t\t<\/div>\n\t\t\t\t<div class=\"elementor-element elementor-element-b017316 elementor-widget elementor-widget-ova_line\" data-id=\"b017316\" data-element_type=\"widget\" data-widget_type=\"ova_line.default\">\n\t\t\t\t<div class=\"elementor-widget-container\">\n\t\t\t\n\t\t<div class=\"ova_line\">\n\t\t\t<span class=\"line_top\"><\/span>\n\t\t\t<span class=\"line_bottom\"><\/span>\n\t\t<\/div>\n\n\t\t\t\t<\/div>\n\t\t\t\t<\/div>\n\t\t\t\t\t<\/div>\n\t\t<\/div>\n\t\t\t\t\t<\/div>\n\t\t<\/section>\n\t\t\t\t<\/div>\n\t\t","protected":false},"excerpt":{"rendered":"<p>Sur Palace Hotel&#8217;in Hikayesi Ho\u015f Geldiniz Sur Palace Hotel&#8217;e Sur Palace Hotel, \u015fehrin kalbinde l\u00fcks ve konforu bir araya getiren \u00f6zel bir konaklama deneyimi sunar. Misafirlerine unutulmaz anlar ya\u015fatmak amac\u0131yla her detay\u0131n \u00f6zenle planland\u0131\u011f\u0131 otelimiz, zarif tasar\u0131m\u0131 ve modern olanaklar\u0131yla \u00f6ne \u00e7\u0131kar. Her odas\u0131, rahat\u0131n\u0131z ve konforunuz d\u00fc\u015f\u00fcn\u00fclerek \u00f6zenle dizayn edilmi\u015ftir. Geni\u015f ve ferah mekanlar\u0131m\u0131zda, [&hellip;]<\/p>\n","protected":false},"author":1,"featured_media":0,"parent":0,"menu_order":0,"comment_status":"closed","ping_status":"closed","template":"elementor_header_footer","meta":{"footnotes":""},"class_list":["post-3194","page","type-page","status-publish","hentry"],"jetpack_sharing_enabled":true,"_links":{"self":[{"href":"https:\/\/surpalacehotel.com\/index.php?rest_route=\/wp\/v2\/pages\/3194","targetHints":{"allow":["GET"]}}],"collection":[{"href":"https:\/\/surpalacehotel.com\/index.php?rest_route=\/wp\/v2\/pages"}],"about":[{"href":"https:\/\/surpalacehotel.com\/index.php?rest_route=\/wp\/v2\/types\/page"}],"author":[{"embeddable":true,"href":"https:\/\/surpalacehotel.com\/index.php?rest_route=\/wp\/v2\/users\/1"}],"replies":[{"embeddable":true,"href":"https:\/\/surpalacehotel.com\/index.php?rest_route=%2Fwp%2Fv2%2Fcomments&post=3194"}],"version-history":[{"count":5,"href":"https:\/\/surpalacehotel.com\/index.php?rest_route=\/wp\/v2\/pages\/3194\/revisions"}],"predecessor-version":[{"id":6881,"href":"https:\/\/surpalacehotel.com\/index.php?rest_route=\/wp\/v2\/pages\/3194\/revisions\/6881"}],"wp:attachment":[{"href":"https:\/\/surpalacehotel.com\/index.php?rest_route=%2Fwp%2Fv2%2Fmedia&parent=3194"}],"curies":[{"name":"wp","href":"https:\/\/api.w.org\/{rel}","templated":true}]}}