{"id":57,"date":"2018-10-22T02:31:53","date_gmt":"2018-10-22T02:31:53","guid":{"rendered":"https:\/\/demo.ovatheme.com\/hozing\/?page_id=57"},"modified":"2024-07-06T15:20:46","modified_gmt":"2024-07-06T12:20:46","slug":"oda-ozellikleri","status":"publish","type":"page","link":"https:\/\/surpalacehotel.com\/?page_id=57","title":{"rendered":"Oda \u00d6zellikleri"},"content":{"rendered":"\t\t<div data-elementor-type=\"wp-post\" data-elementor-id=\"57\" class=\"elementor elementor-57\">\n\t\t\t\t\t\t<section class=\"elementor-section elementor-top-section elementor-element elementor-element-e97d4e1 elementor-section-full_width elementor-section-height-default elementor-section-height-default\" data-id=\"e97d4e1\" data-element_type=\"section\">\n\t\t\t\t\t\t<div class=\"elementor-container elementor-column-gap-default\">\n\t\t\t\t\t<div class=\"elementor-column elementor-col-100 elementor-top-column elementor-element elementor-element-68f6ba8\" data-id=\"68f6ba8\" data-element_type=\"column\">\n\t\t\t<div class=\"elementor-widget-wrap\">\n\t\t\t\t\t\t\t<\/div>\n\t\t<\/div>\n\t\t\t\t\t<\/div>\n\t\t<\/section>\n\t\t\t\t<section class=\"elementor-section elementor-top-section elementor-element elementor-element-46f6e5e elementor-section-full_width elementor-section-height-default elementor-section-height-default\" data-id=\"46f6e5e\" data-element_type=\"section\">\n\t\t\t\t\t\t<div class=\"elementor-container elementor-column-gap-default\">\n\t\t\t\t\t<div class=\"elementor-column elementor-col-100 elementor-top-column elementor-element elementor-element-843e224\" data-id=\"843e224\" data-element_type=\"column\">\n\t\t\t<div class=\"elementor-widget-wrap elementor-element-populated\">\n\t\t\t\t\t\t<div class=\"elementor-element elementor-element-7132bbd elementor-widget elementor-widget-ova_service_box\" data-id=\"7132bbd\" data-element_type=\"widget\" data-widget_type=\"ova_service_box.default\">\n\t\t\t\t<div class=\"elementor-widget-container\">\n\t\t\t\n\t\t<div class=\"ova-service-box   change-position  \">\n\t\t\t<div class=\"image-box\" style=\"background-image: url(https:\/\/surpalacehotel.com\/wp-content\/uploads\/2024\/06\/1-1-scaled.jpg)\">\n\t\t\t\t<a href=\"\"><\/a>\n\t\t\t<\/div>\n\t\t\t<div class=\"content\">\n\t\t\t\t<p class=\"text-alpha\">B<\/p>\n\t\t\t\t<h3 class=\"title\"><a class=\"second_font\" href=\"#\"  >Dikkat \u00e7ekici<\/a><\/h3>\n\t\t\t\t<p class=\"desc\">Sur Palace Hotel, zarafetin ve konforun bulu\u015ftu\u011fu e\u015fsiz bir destinasyon. \u015eehrin kalbindeki bu l\u00fcks otel, g\u00f6z al\u0131c\u0131 mimarisi ve \u00f6zenle se\u00e7ilmi\u015f detaylar\u0131yla unutulmaz bir konaklama deneyimi sunuyor. Her zevke hitap eden geni\u015f ve modern odalar\u0131, \u015f\u0131k restoranlar\u0131 olanaklar\u0131yla Sur Palace Hotel, konuklar\u0131na benzersiz bir ayr\u0131cal\u0131k sunuyor. Burada ge\u00e7irece\u011finiz her an, keyif dolu an\u0131larla dolu olacak.<\/p>\n\t\t\t\t<a href=\"#\" class=\"read-more\" >Daha Fazla<\/a>\n\t\t\t<\/div>\n\t\t<\/div>\n\t\t\t\t<\/div>\n\t\t\t\t<\/div>\n\t\t\t\t<div class=\"elementor-element elementor-element-08bc069 elementor-widget elementor-widget-ova_service_box\" data-id=\"08bc069\" data-element_type=\"widget\" data-widget_type=\"ova_service_box.default\">\n\t\t\t\t<div class=\"elementor-widget-container\">\n\t\t\t\n\t\t<div class=\"ova-service-box   \">\n\t\t\t<div class=\"image-box\" style=\"background-image: url(https:\/\/surpalacehotel.com\/wp-content\/uploads\/2024\/06\/2-1-1-scaled.jpg)\">\n\t\t\t\t<a href=\"\"><\/a>\n\t\t\t<\/div>\n\t\t\t<div class=\"content\">\n\t\t\t\t<p class=\"text-alpha\">A<\/p>\n\t\t\t\t<h3 class=\"title\"><a class=\"second_font\" href=\"#\"  >Konforlu<\/a><\/h3>\n\t\t\t\t<p class=\"desc\">Sur Palace Hotel, konuklar\u0131na son derece konforlu bir konaklama deneyimi sunan l\u00fcks bir oteldir. Odalar\u0131ndaki modern ve \u015f\u0131k tasar\u0131m\u0131yla g\u00f6z dolduran otel, her zevke uygun se\u00e7enekler sunar. Misafirler, rahat yataklarda dinlenirken, otelin sundu\u011fu y\u00fcksek h\u0131zl\u0131 internet ve d\u00fczenli temizlik hizmetleriyle konforlar\u0131n\u0131n keyfini \u00e7\u0131karabilirler. Ayr\u0131ca otelin spa olanaklar\u0131 ve \u015fehir manzaral\u0131 restoranlar\u0131 da misafirlerine ekstra bir konfor sa\u011flar. Sur Palace Hotel, \u015fehrin g\u00fcr\u00fclt\u00fcs\u00fcnden uzakta, konforlu bir konaklama arayan herkes i\u00e7in ideal bir se\u00e7enektir.<\/p>\n\t\t\t\t<a href=\"#\" class=\"read-more\" >Daha Fazla<\/a>\n\t\t\t<\/div>\n\t\t<\/div>\n\t\t\t\t<\/div>\n\t\t\t\t<\/div>\n\t\t\t\t\t<\/div>\n\t\t<\/div>\n\t\t\t\t\t<\/div>\n\t\t<\/section>\n\t\t\t\t<\/div>\n\t\t","protected":false},"excerpt":{"rendered":"<p>B Dikkat \u00e7ekici Sur Palace Hotel, zarafetin ve konforun bulu\u015ftu\u011fu e\u015fsiz bir destinasyon. \u015eehrin kalbindeki bu l\u00fcks otel, g\u00f6z al\u0131c\u0131 mimarisi ve \u00f6zenle se\u00e7ilmi\u015f detaylar\u0131yla unutulmaz bir konaklama deneyimi sunuyor. Her zevke hitap eden geni\u015f ve modern odalar\u0131, \u015f\u0131k restoranlar\u0131 olanaklar\u0131yla Sur Palace Hotel, konuklar\u0131na benzersiz bir ayr\u0131cal\u0131k sunuyor. Burada ge\u00e7irece\u011finiz her an, keyif dolu [&hellip;]<\/p>\n","protected":false},"author":1,"featured_media":0,"parent":0,"menu_order":0,"comment_status":"closed","ping_status":"closed","template":"elementor_header_footer","meta":{"footnotes":""},"class_list":["post-57","page","type-page","status-publish","hentry"],"jetpack_sharing_enabled":true,"_links":{"self":[{"href":"https:\/\/surpalacehotel.com\/index.php?rest_route=\/wp\/v2\/pages\/57","targetHints":{"allow":["GET"]}}],"collection":[{"href":"https:\/\/surpalacehotel.com\/index.php?rest_route=\/wp\/v2\/pages"}],"about":[{"href":"https:\/\/surpalacehotel.com\/index.php?rest_route=\/wp\/v2\/types\/page"}],"author":[{"embeddable":true,"href":"https:\/\/surpalacehotel.com\/index.php?rest_route=\/wp\/v2\/users\/1"}],"replies":[{"embeddable":true,"href":"https:\/\/surpalacehotel.com\/index.php?rest_route=%2Fwp%2Fv2%2Fcomments&post=57"}],"version-history":[{"count":12,"href":"https:\/\/surpalacehotel.com\/index.php?rest_route=\/wp\/v2\/pages\/57\/revisions"}],"predecessor-version":[{"id":6891,"href":"https:\/\/surpalacehotel.com\/index.php?rest_route=\/wp\/v2\/pages\/57\/revisions\/6891"}],"wp:attachment":[{"href":"https:\/\/surpalacehotel.com\/index.php?rest_route=%2Fwp%2Fv2%2Fmedia&parent=57"}],"curies":[{"name":"wp","href":"https:\/\/api.w.org\/{rel}","templated":true}]}}