{"id":2758,"date":"2018-11-23T04:53:36","date_gmt":"2018-11-23T04:53:36","guid":{"rendered":"https:\/\/demo.ovatheme.com\/hozing\/?post_type=product&#038;p=2758"},"modified":"2024-06-26T14:18:02","modified_gmt":"2024-06-26T11:18:02","slug":"single-bed-room","status":"publish","type":"product","link":"https:\/\/surpalacehotel.com\/?product=single-bed-room","title":{"rendered":"Aile Odas\u0131"},"content":{"rendered":"<p><strong>Aile Odas\u0131 Konforu<\/strong><\/p>\n<p>Sur Palace Hotel&#8217;in sundu\u011fu aile odalar\u0131, konforlu ve keyifli bir aile tatili ge\u00e7irmek isteyen misafirler i\u00e7in ideal bir se\u00e7enektir. Geni\u015f tasar\u0131m\u0131 ve modern d\u00fczenlemesiyle dikkat \u00e7eken bu odalar, ailelerin rahat\u00e7a konaklamas\u0131n\u0131 sa\u011flayacak \u015fekilde tasarlanm\u0131\u015ft\u0131r. Her odada \u00e7ocuklar i\u00e7in ek yatak se\u00e7enekleri bulunurken, konforlu yatak, oturma alan\u0131 ve \u00e7al\u0131\u015fma masas\u0131 da sunulmaktad\u0131r.<\/p>\n<p>Aile odalar\u0131m\u0131z, geni\u015f aileler veya uzun s\u00fcreli konaklamalar i\u00e7in m\u00fckemmel bir se\u00e7enektir. Misafirlerimiz, odalar\u0131nda \u00fccretsiz y\u00fcksek h\u0131zl\u0131 internet ba\u011flant\u0131s\u0131, d\u00fczenli temizlik hizmetleri ve odunun her k\u00f6\u015fesinden muhte\u015fem \u015fehir manzaras\u0131n\u0131n tad\u0131n\u0131 \u00e7\u0131karabilirler. Ayr\u0131ca otelimizin sundu\u011fu di\u011fer olanaklar aras\u0131nda spa ve wellness merkezi ile lezzetli yemekler sunan restoranlar da bulunmaktad\u0131r.<\/p>\n<p>Sur Palace Hotel&#8217;in aile odalar\u0131, konforlu ve keyifli bir konaklama deneyimi ya\u015famak isteyen aileler i\u00e7in m\u00fckemmel bir se\u00e7enektir. Size \u00f6zel bu oda se\u00e7ene\u011fiyle, unutulmaz bir aile tatili ge\u00e7irmeye davet ediyoruz.<\/p>\n","protected":false},"excerpt":{"rendered":"<p><strong>Aile Odas\u0131 Konforu<\/strong><\/p>\n<p>Sur Palace Hotel&#8217;in sundu\u011fu aile odalar\u0131, konforlu ve keyifli bir aile tatili ge\u00e7irmek isteyen misafirler i\u00e7in ideal bir se\u00e7enektir. Geni\u015f tasar\u0131m\u0131 ve modern d\u00fczenlemesiyle dikkat \u00e7eken bu odalar, ailelerin rahat\u00e7a konaklamas\u0131n\u0131 sa\u011flayacak \u015fekilde tasarlanm\u0131\u015ft\u0131r. Her odada \u00e7ocuklar i\u00e7in ek yatak se\u00e7enekleri bulunurken, konforlu yatak, oturma alan\u0131 ve \u00e7al\u0131\u015fma masas\u0131 da sunulmaktad\u0131r.<\/p>\n<p>Aile odalar\u0131m\u0131z, geni\u015f aileler veya uzun s\u00fcreli konaklamalar i\u00e7in m\u00fckemmel bir se\u00e7enektir. Misafirlerimiz, odalar\u0131nda \u00fccretsiz y\u00fcksek h\u0131zl\u0131 internet ba\u011flant\u0131s\u0131, d\u00fczenli temizlik hizmetleri ve odunun her k\u00f6\u015fesinden muhte\u015fem \u015fehir manzaras\u0131n\u0131n tad\u0131n\u0131 \u00e7\u0131karabilirler. Ayr\u0131ca otelimizin sundu\u011fu di\u011fer olanaklar aras\u0131nda spa ve wellness merkezi ile lezzetli yemekler sunan restoranlar da bulunmaktad\u0131r.<\/p>\n<p>Sur Palace Hotel&#8217;in aile odalar\u0131, konforlu ve keyifli bir konaklama deneyimi ya\u015famak isteyen aileler i\u00e7in m\u00fckemmel bir se\u00e7enektir. Size \u00f6zel bu oda se\u00e7ene\u011fiyle, unutulmaz bir aile tatili ge\u00e7irmeye davet ediyoruz.<\/p>\n","protected":false},"featured_media":6862,"comment_status":"closed","ping_status":"closed","template":"","meta":[],"product_cat":[38],"product_tag":[],"class_list":{"0":"post-2758","1":"product","2":"type-product","3":"status-publish","4":"has-post-thumbnail","6":"product_cat-luxury-room","8":"first","9":"instock","10":"shipping-taxable","11":"purchasable","12":"product-type-ovacrs_car_rental"},"jetpack_sharing_enabled":true,"_links":{"self":[{"href":"https:\/\/surpalacehotel.com\/index.php?rest_route=\/wp\/v2\/product\/2758","targetHints":{"allow":["GET"]}}],"collection":[{"href":"https:\/\/surpalacehotel.com\/index.php?rest_route=\/wp\/v2\/product"}],"about":[{"href":"https:\/\/surpalacehotel.com\/index.php?rest_route=\/wp\/v2\/types\/product"}],"replies":[{"embeddable":true,"href":"https:\/\/surpalacehotel.com\/index.php?rest_route=%2Fwp%2Fv2%2Fcomments&post=2758"}],"wp:featuredmedia":[{"embeddable":true,"href":"https:\/\/surpalacehotel.com\/index.php?rest_route=\/wp\/v2\/media\/6862"}],"wp:attachment":[{"href":"https:\/\/surpalacehotel.com\/index.php?rest_route=%2Fwp%2Fv2%2Fmedia&parent=2758"}],"wp:term":[{"taxonomy":"product_cat","embeddable":true,"href":"https:\/\/surpalacehotel.com\/index.php?rest_route=%2Fwp%2Fv2%2Fproduct_cat&post=2758"},{"taxonomy":"product_tag","embeddable":true,"href":"https:\/\/surpalacehotel.com\/index.php?rest_route=%2Fwp%2Fv2%2Fproduct_tag&post=2758"}],"curies":[{"name":"wp","href":"https:\/\/api.w.org\/{rel}","templated":true}]}}