{"id":2761,"date":"2018-11-23T06:45:51","date_gmt":"2018-11-23T06:45:51","guid":{"rendered":"https:\/\/demo.ovatheme.com\/hozing\/?post_type=product&#038;p=2761"},"modified":"2024-06-26T14:17:42","modified_gmt":"2024-06-26T11:17:42","slug":"standard-room-copy","status":"publish","type":"product","link":"https:\/\/surpalacehotel.com\/?product=standard-room-copy","title":{"rendered":"Double Oda"},"content":{"rendered":"<p><strong>Double Oda Konforu<\/strong><\/p>\n<p>Sur Palace Hotel&#8217;in sundu\u011fu double odalar, \u00e7ift ki\u015filik konaklamalar i\u00e7in ideal bir se\u00e7enektir. Modern tasar\u0131m\u0131 ve geni\u015f d\u00fczenlemesiyle \u00f6ne \u00e7\u0131kan bu odalar, konuklar\u0131na rahatl\u0131k ve \u015f\u0131kl\u0131k sunar. Her detay\u0131 \u00f6zenle d\u00fc\u015f\u00fcn\u00fclm\u00fc\u015f olan double odalarda, konforlu yatak, oturma alan\u0131 ve \u00e7al\u0131\u015fma masas\u0131 bulunur.<\/p>\n<p>Double odalar\u0131m\u0131z, i\u015f seyahatlerinden aile tatillerine kadar geni\u015f bir yelpazeye hitap etmek \u00fczere tasarlanm\u0131\u015ft\u0131r. Misafirlerimiz, odalar\u0131nda \u00fccretsiz y\u00fcksek h\u0131zl\u0131 internet ba\u011flant\u0131s\u0131 ve d\u00fczenli temizlik hizmetlerinden yararlanabilirler. Ayr\u0131ca otelimizin sundu\u011fu di\u011fer olanaklar aras\u0131nda spa ve wellness merkezi ile lezzetli yemekler sunan restoranlar da bulunmaktad\u0131r.<\/p>\n<p>Sur Palace Hotel&#8217;in double odalar\u0131, konforlu ve keyifli bir konaklama deneyimi ya\u015famak isteyen \u00e7iftler ve aileler i\u00e7in m\u00fckemmel bir se\u00e7enektir. Size \u00f6zel bu oda se\u00e7ene\u011fiyle, unutulmaz bir konaklama deneyimi ya\u015famaya davet ediyoruz.<\/p>\n","protected":false},"excerpt":{"rendered":"<p><strong>Double Oda Konforu<\/strong><\/p>\n<p>Sur Palace Hotel&#8217;in sundu\u011fu double odalar, \u00e7ift ki\u015filik konaklamalar i\u00e7in ideal bir se\u00e7enektir. Modern tasar\u0131m\u0131 ve geni\u015f d\u00fczenlemesiyle \u00f6ne \u00e7\u0131kan bu odalar, konuklar\u0131na rahatl\u0131k ve \u015f\u0131kl\u0131k sunar. Her detay\u0131 \u00f6zenle d\u00fc\u015f\u00fcn\u00fclm\u00fc\u015f olan double odalarda, konforlu yatak, oturma alan\u0131 ve \u00e7al\u0131\u015fma masas\u0131 bulunur.<\/p>\n<p>Double odalar\u0131m\u0131z, i\u015f seyahatlerinden aile tatillerine kadar geni\u015f bir yelpazeye hitap etmek \u00fczere tasarlanm\u0131\u015ft\u0131r. Misafirlerimiz, odalar\u0131nda \u00fccretsiz y\u00fcksek h\u0131zl\u0131 internet ba\u011flant\u0131s\u0131 ve d\u00fczenli temizlik hizmetlerinden yararlanabilirler. Ayr\u0131ca otelimizin sundu\u011fu di\u011fer olanaklar aras\u0131nda spa ve wellness merkezi ile lezzetli yemekler sunan restoranlar da bulunmaktad\u0131r.<\/p>\n<p>Sur Palace Hotel&#8217;in double odalar\u0131, konforlu ve keyifli bir konaklama deneyimi ya\u015famak isteyen \u00e7iftler ve aileler i\u00e7in m\u00fckemmel bir se\u00e7enektir. Size \u00f6zel bu oda se\u00e7ene\u011fiyle, unutulmaz bir konaklama deneyimi ya\u015famaya davet ediyoruz.<\/p>\n","protected":false},"featured_media":6796,"comment_status":"closed","ping_status":"closed","template":"","meta":[],"product_cat":[38],"product_tag":[],"class_list":{"0":"post-2761","1":"product","2":"type-product","3":"status-publish","4":"has-post-thumbnail","6":"product_cat-luxury-room","8":"first","9":"instock","10":"shipping-taxable","11":"purchasable","12":"product-type-ovacrs_car_rental"},"jetpack_sharing_enabled":true,"_links":{"self":[{"href":"https:\/\/surpalacehotel.com\/index.php?rest_route=\/wp\/v2\/product\/2761","targetHints":{"allow":["GET"]}}],"collection":[{"href":"https:\/\/surpalacehotel.com\/index.php?rest_route=\/wp\/v2\/product"}],"about":[{"href":"https:\/\/surpalacehotel.com\/index.php?rest_route=\/wp\/v2\/types\/product"}],"replies":[{"embeddable":true,"href":"https:\/\/surpalacehotel.com\/index.php?rest_route=%2Fwp%2Fv2%2Fcomments&post=2761"}],"wp:featuredmedia":[{"embeddable":true,"href":"https:\/\/surpalacehotel.com\/index.php?rest_route=\/wp\/v2\/media\/6796"}],"wp:attachment":[{"href":"https:\/\/surpalacehotel.com\/index.php?rest_route=%2Fwp%2Fv2%2Fmedia&parent=2761"}],"wp:term":[{"taxonomy":"product_cat","embeddable":true,"href":"https:\/\/surpalacehotel.com\/index.php?rest_route=%2Fwp%2Fv2%2Fproduct_cat&post=2761"},{"taxonomy":"product_tag","embeddable":true,"href":"https:\/\/surpalacehotel.com\/index.php?rest_route=%2Fwp%2Fv2%2Fproduct_tag&post=2761"}],"curies":[{"name":"wp","href":"https:\/\/api.w.org\/{rel}","templated":true}]}}