{"id":2767,"date":"2018-11-23T06:59:40","date_gmt":"2018-11-23T06:59:40","guid":{"rendered":"https:\/\/demo.ovatheme.com\/hozing\/?post_type=product&#038;p=2767"},"modified":"2024-06-26T14:17:52","modified_gmt":"2024-06-26T11:17:52","slug":"double-bed-room","status":"publish","type":"product","link":"https:\/\/surpalacehotel.com\/?product=double-bed-room","title":{"rendered":"Single Oda"},"content":{"rendered":"<p>Sur Palace Hotel&#8217;in sundu\u011fu single odalar, tek ki\u015filik konaklamalar i\u00e7in m\u00fckemmel bir se\u00e7enektir. Modern tasar\u0131m\u0131 ve rahat d\u00fczenlemesiyle dikkat \u00e7eken bu odalar, konuklar\u0131na evlerindeki konforu sunar. Her detay\u0131 \u00f6zenle d\u00fc\u015f\u00fcn\u00fclm\u00fc\u015f olan single odalarda, geni\u015f \u00e7al\u0131\u015fma masas\u0131, \u00fccretsiz y\u00fcksek h\u0131zl\u0131 internet ba\u011flant\u0131s\u0131 ve konforlu yatak bulunur.<\/p>\n<p>Single odalar\u0131m\u0131z, i\u015f seyahatlerinden bireysel tatillere kadar her t\u00fcrl\u00fc ihtiyaca cevap vermek \u00fczere tasarlanm\u0131\u015ft\u0131r. Misafirlerimiz, otelimizin sundu\u011fu di\u011fer olanaklardan da yararlanabilir; spa ve wellness merkezimizde rahatlayabilir, restoranlar\u0131m\u0131zda lezzetli yemeklerin tad\u0131n\u0131 \u00e7\u0131karabilirler.<\/p>\n<p>Sur Palace Hotel&#8217;in single odalar\u0131, konforu ve fonksiyonelli\u011fi bir arada arayan herkes i\u00e7in ideal bir se\u00e7enektir. Size \u00f6zel bu oda se\u00e7ene\u011fiyle, unutulmaz bir konaklama deneyimi ya\u015famaya davet ediyoruz.<\/p>\n","protected":false},"excerpt":{"rendered":"<p>Sur Palace Hotel&#8217;in sundu\u011fu single odalar, tek ki\u015filik konaklamalar i\u00e7in m\u00fckemmel bir se\u00e7enektir. Modern tasar\u0131m\u0131 ve rahat d\u00fczenlemesiyle dikkat \u00e7eken bu odalar, konuklar\u0131na evlerindeki konforu sunar. Her detay\u0131 \u00f6zenle d\u00fc\u015f\u00fcn\u00fclm\u00fc\u015f olan single odalarda, geni\u015f \u00e7al\u0131\u015fma masas\u0131, \u00fccretsiz y\u00fcksek h\u0131zl\u0131 internet ba\u011flant\u0131s\u0131 ve konforlu yatak bulunur.<\/p>\n<p>Single odalar\u0131m\u0131z, i\u015f seyahatlerinden bireysel tatillere kadar her t\u00fcrl\u00fc ihtiyaca cevap vermek \u00fczere tasarlanm\u0131\u015ft\u0131r. Misafirlerimiz, otelimizin sundu\u011fu di\u011fer olanaklardan da yararlanabilir; spa ve wellness merkezimizde rahatlayabilir, restoranlar\u0131m\u0131zda lezzetli yemeklerin tad\u0131n\u0131 \u00e7\u0131karabilirler.<\/p>\n<p>Sur Palace Hotel&#8217;in single odalar\u0131, konforu ve fonksiyonelli\u011fi bir arada arayan herkes i\u00e7in ideal bir se\u00e7enektir. Size \u00f6zel bu oda se\u00e7ene\u011fiyle, unutulmaz bir konaklama deneyimi ya\u015famaya davet ediyoruz.<\/p>\n","protected":false},"featured_media":6797,"comment_status":"closed","ping_status":"closed","template":"","meta":[],"product_cat":[38],"product_tag":[],"class_list":{"0":"post-2767","1":"product","2":"type-product","3":"status-publish","4":"has-post-thumbnail","6":"product_cat-luxury-room","8":"first","9":"instock","10":"shipping-taxable","11":"purchasable","12":"product-type-ovacrs_car_rental"},"jetpack_sharing_enabled":true,"_links":{"self":[{"href":"https:\/\/surpalacehotel.com\/index.php?rest_route=\/wp\/v2\/product\/2767","targetHints":{"allow":["GET"]}}],"collection":[{"href":"https:\/\/surpalacehotel.com\/index.php?rest_route=\/wp\/v2\/product"}],"about":[{"href":"https:\/\/surpalacehotel.com\/index.php?rest_route=\/wp\/v2\/types\/product"}],"replies":[{"embeddable":true,"href":"https:\/\/surpalacehotel.com\/index.php?rest_route=%2Fwp%2Fv2%2Fcomments&post=2767"}],"wp:featuredmedia":[{"embeddable":true,"href":"https:\/\/surpalacehotel.com\/index.php?rest_route=\/wp\/v2\/media\/6797"}],"wp:attachment":[{"href":"https:\/\/surpalacehotel.com\/index.php?rest_route=%2Fwp%2Fv2%2Fmedia&parent=2767"}],"wp:term":[{"taxonomy":"product_cat","embeddable":true,"href":"https:\/\/surpalacehotel.com\/index.php?rest_route=%2Fwp%2Fv2%2Fproduct_cat&post=2767"},{"taxonomy":"product_tag","embeddable":true,"href":"https:\/\/surpalacehotel.com\/index.php?rest_route=%2Fwp%2Fv2%2Fproduct_tag&post=2767"}],"curies":[{"name":"wp","href":"https:\/\/api.w.org\/{rel}","templated":true}]}}